{"id":71,"date":"2014-01-16T18:36:21","date_gmt":"2014-01-16T18:36:21","guid":{"rendered":"http:\/\/hundepersoenlichkeiten.de\/?page_id=71"},"modified":"2014-10-29T17:35:38","modified_gmt":"2014-10-29T17:35:38","slug":"ueber-mich","status":"publish","type":"page","link":"https:\/\/hundepersoenlichkeiten.de\/?page_id=71","title":{"rendered":"\u00dcber mich"},"content":{"rendered":"<p>1966 wurde ich in Adenau in der Eifel geboren.\u00a0Fast 16 Jahre geh\u00f6rte Mischling Tesse zur Familie.\u00a0Nach dem Abitur folgte dann das Studium Kommunikationsdesign an der Fachhochschule Trier. Abschluss 1991 mit dem Diplom.<\/p>\n<p>Danach Anstellungen in verschiedenen Werbeagenturen, seit 2000 T\u00e4tigkeit als selbstst\u00e4ndige Designerin.<\/p>\n<p>Heute wohne und arbeite ich in Quiddelbach am N\u00fcrburgring.<\/p>\n<p>Begleitet werde ich dabei von den 3 Hundem\u00e4dels Mona, Holly\u00a0und Juli.<\/p>\n<p>Vor einigen Jahren habe ich mit der \u00d6lmalerei begonnen und was liegt n\u00e4her als die Liebe zu den Tieren mit dem Malen zu verbinden. So entstehen individuelle Unikate von wirklichen Pers\u00f6nlichkeiten \u2013 in der Regel als Auftragsarbeiten.<\/p>\n<p>&nbsp;<\/p>\n","protected":false},"excerpt":{"rendered":"<p>1966 wurde ich in Adenau in der Eifel geboren.\u00a0Fast 16 Jahre geh\u00f6rte Mischling Tesse zur Familie.\u00a0Nach dem Abitur folgte dann das Studium Kommunikationsdesign an der Fachhochschule Trier. Abschluss 1991 mit dem Diplom. Danach Anstellungen in verschiedenen Werbeagenturen, seit 2000 T\u00e4tigkeit als selbstst\u00e4ndige Designerin. Heute wohne und arbeite ich in Quiddelbach\u2026 <a class=\"continue-reading-link\" href=\"https:\/\/hundepersoenlichkeiten.de\/?page_id=71\">Continue reading<\/a><\/p>\n","protected":false},"author":1,"featured_media":0,"parent":0,"menu_order":0,"comment_status":"open","ping_status":"open","template":"templates\/template-page-with-intro.php","meta":{"footnotes":""},"class_list":["post-71","page","type-page","status-publish","hentry"],"_links":{"self":[{"href":"https:\/\/hundepersoenlichkeiten.de\/index.php?rest_route=\/wp\/v2\/pages\/71","targetHints":{"allow":["GET"]}}],"collection":[{"href":"https:\/\/hundepersoenlichkeiten.de\/index.php?rest_route=\/wp\/v2\/pages"}],"about":[{"href":"https:\/\/hundepersoenlichkeiten.de\/index.php?rest_route=\/wp\/v2\/types\/page"}],"author":[{"embeddable":true,"href":"https:\/\/hundepersoenlichkeiten.de\/index.php?rest_route=\/wp\/v2\/users\/1"}],"replies":[{"embeddable":true,"href":"https:\/\/hundepersoenlichkeiten.de\/index.php?rest_route=%2Fwp%2Fv2%2Fcomments&post=71"}],"version-history":[{"count":6,"href":"https:\/\/hundepersoenlichkeiten.de\/index.php?rest_route=\/wp\/v2\/pages\/71\/revisions"}],"predecessor-version":[{"id":216,"href":"https:\/\/hundepersoenlichkeiten.de\/index.php?rest_route=\/wp\/v2\/pages\/71\/revisions\/216"}],"wp:attachment":[{"href":"https:\/\/hundepersoenlichkeiten.de\/index.php?rest_route=%2Fwp%2Fv2%2Fmedia&parent=71"}],"curies":[{"name":"wp","href":"https:\/\/api.w.org\/{rel}","templated":true}]}}