{"id":206,"date":"2014-01-18T18:24:15","date_gmt":"2014-01-18T18:24:15","guid":{"rendered":"http:\/\/hundepersoenlichkeiten.de\/?page_id=206"},"modified":"2018-05-18T09:53:37","modified_gmt":"2018-05-18T09:53:37","slug":"impressum","status":"publish","type":"page","link":"https:\/\/hundepersoenlichkeiten.de\/?page_id=206","title":{"rendered":"Impressum"},"content":{"rendered":"<p>Jutta Baur<br \/>\nBrunnenstra\u00dfe 20<br \/>\n53518 Quiddelbach<\/p>\n<p>&nbsp;<\/p>\n<p><strong>Kontakt<\/strong><\/p>\n<p>Tel. 02691 \/ 93 88 91<br \/>\njb(at)hundepersoenlichkeiten.de<\/p>\n<p><strong>Das Copyright f\u00fcr hier ver\u00f6ffentlichte, von mir selbst erstellte Objekte bleibt allein bei mir.\u00a0Eine Vervielf\u00e4ltigung oder Verwendung solcher Grafiken, Bilder, Videosequenzen und Texte in anderen elektronischen oder gedruckten Publikationen ist ohne meine ausdr\u00fcckliche Zustimmung nicht gestattet.\u00a0<\/strong><\/p>\n<p>&nbsp;<\/p>\n<p><strong>Haftung f\u00fcr Inhalte<\/strong><\/p>\n<p>Die Inhalte dieser Seiten wurden mit gr\u00f6\u00dfter Sorgfalt erstellt. F\u00fcr die Richtigkeit, Vollst\u00e4ndigkeit und\u00a0Aktualit\u00e4t der Inhalte kann der Betreiber\u00a0 jedoch keine Gew\u00e4hr \u00fcbernehmen.\u00a0Als Diensteanbieter ist er gem\u00e4\u00df \u00a7 7 Abs.1 TMG f\u00fcr eigene Inhalte auf diesen Seiten nach den allgemeinen Gesetzen verantwortlich.\u00a0Nach \u00a7\u00a7 8 bis 10 TMG ist er als Diensteanbieter jedoch nicht verpflichtet, \u00fcbermittelte oder gespeicherte fremde Informationen zu \u00fcberwachen oder nach Umst\u00e4nden zu forschen, die auf eine rechtswidrige T\u00e4tigkeit hinweisen. Verpflichtungen zur Entfernung oder Sperrung der Nutzung von Informationen nach den allgemeinen Gesetzen bleiben hiervon unber\u00fchrt. Eine diesbez\u00fcgliche Haftung ist jedoch erst ab dem Zeitpunkt der Kenntnis einer konkreten Rechtsverletzung m\u00f6glich. Bei Bekanntwerden von entsprechenden Rechtsverletzungen werden wir diese Inhalte umgehend entfernen.Der Betreiber beh\u00e4lt es sich ausdr\u00fccklich vor, Teile der Seiten oder das gesamte Angebot ohne gesonderte Ank\u00fcndigung zu ver\u00e4ndern, zu erg\u00e4nzen, zu l\u00f6schen oder die Ver\u00f6ffentlichung zeitweise oder endg\u00fcltig einzustellen.<\/p>\n<p><strong>Haftung f\u00fcr Links<\/strong><\/p>\n<p>Unser Angebot enth\u00e4lt Links zu externen Webseiten Dritter, auf deren Inhalte wir keinen Einfluss haben. Deshalb k\u00f6nnen wir f\u00fcr diese fremden Inhalte auch keine Gew\u00e4hr \u00fcbernehmen.\u00a0F\u00fcr die Inhalte der verlinkten Seiten ist stets der jeweilige Anbieter oder Betreiber der Seiten verantwortlich. Die verlinkten Seiten wurden zum Zeitpunkt der Verlinkung auf m\u00f6gliche Rechtsverst\u00f6\u00dfe \u00fcberpr\u00fcft. Rechtswidrige Inhalte waren zum Zeitpunkt der Verlinkung nicht erkennbar. Eine permanente inhaltliche Kontrolle der verlinkten Seiten ist jedoch ohne konkrete Anhaltspunkte einer Rechtsverletzung nicht zumutbar. Bei Bekanntwerden von Rechtsverletzungen werden wir derartige Links umgehend entfernen.<\/p>\n<p><strong>\u00a0Urheberrecht<\/strong><\/p>\n<p>Die durch den Seitenbetreiber erstellten Inhalte und Werke auf diesen Seiten unterliegen dem deutschen Urheberrecht. Die Vervielf\u00e4ltigung, Bearbeitung, Verbreitung und jede Art der Verwertung au\u00dferhalb der Grenzen des Urheberrechtes bed\u00fcrfen der schriftlichen Zustimmung des jeweiligen Autors bzw. Erstellers. Soweit die Inhalte auf dieser Seite nicht vom Betreiber erstellt wurden, werden die Urheberrechte Dritter beachtet. Insbesondere werden Inhalte Dritter als solche gekennzeichnet. Sollten Sie trotzdem auf eine Urheberrechtsverletzung aufmerksam werden, bitten wir um einen entsprechenden Hinweis.<\/p>\n<p>Bei Bekanntwerden von Rechtsverletzungen werden wir derartige Inhalte umgehend entfernen.<\/p>\n<p><strong>\u00a0<\/strong><\/p>\n","protected":false},"excerpt":{"rendered":"<p>Jutta Baur Brunnenstra\u00dfe 20 53518 Quiddelbach &nbsp; Kontakt Tel. 02691 \/ 93 88 91 jb(at)hundepersoenlichkeiten.de Das Copyright f\u00fcr hier ver\u00f6ffentlichte, von mir selbst erstellte Objekte bleibt allein bei mir.\u00a0Eine Vervielf\u00e4ltigung oder Verwendung solcher Grafiken, Bilder, Videosequenzen und Texte in anderen elektronischen oder gedruckten Publikationen ist ohne meine ausdr\u00fcckliche Zustimmung nicht\u2026 <a class=\"continue-reading-link\" href=\"https:\/\/hundepersoenlichkeiten.de\/?page_id=206\">Continue reading<\/a><\/p>\n","protected":false},"author":1,"featured_media":0,"parent":0,"menu_order":0,"comment_status":"open","ping_status":"open","template":"","meta":{"footnotes":""},"class_list":["post-206","page","type-page","status-publish","hentry"],"_links":{"self":[{"href":"https:\/\/hundepersoenlichkeiten.de\/index.php?rest_route=\/wp\/v2\/pages\/206","targetHints":{"allow":["GET"]}}],"collection":[{"href":"https:\/\/hundepersoenlichkeiten.de\/index.php?rest_route=\/wp\/v2\/pages"}],"about":[{"href":"https:\/\/hundepersoenlichkeiten.de\/index.php?rest_route=\/wp\/v2\/types\/page"}],"author":[{"embeddable":true,"href":"https:\/\/hundepersoenlichkeiten.de\/index.php?rest_route=\/wp\/v2\/users\/1"}],"replies":[{"embeddable":true,"href":"https:\/\/hundepersoenlichkeiten.de\/index.php?rest_route=%2Fwp%2Fv2%2Fcomments&post=206"}],"version-history":[{"count":4,"href":"https:\/\/hundepersoenlichkeiten.de\/index.php?rest_route=\/wp\/v2\/pages\/206\/revisions"}],"predecessor-version":[{"id":558,"href":"https:\/\/hundepersoenlichkeiten.de\/index.php?rest_route=\/wp\/v2\/pages\/206\/revisions\/558"}],"wp:attachment":[{"href":"https:\/\/hundepersoenlichkeiten.de\/index.php?rest_route=%2Fwp%2Fv2%2Fmedia&parent=206"}],"curies":[{"name":"wp","href":"https:\/\/api.w.org\/{rel}","templated":true}]}}