{"id":117,"date":"2014-01-16T19:41:43","date_gmt":"2014-01-16T19:41:43","guid":{"rendered":"http:\/\/hundepersoenlichkeiten.de\/?page_id=117"},"modified":"2015-05-03T10:39:54","modified_gmt":"2015-05-03T10:39:54","slug":"freie-arbeiten","status":"publish","type":"page","link":"https:\/\/hundepersoenlichkeiten.de\/?page_id=117","title":{"rendered":"Freie Arbeiten"},"content":{"rendered":"<p>Kleine und gr\u00f6\u00dfere Finger\u00fcbungen zu anderen Themen.<\/p>\n\r\n\t\t\r\n\t\t<!-- see gallery_shortcode() in wp-includes\/media.php -->\n\t\t<div id='gallery-1' class='gallery galleryid-117 gallery-columns-3 gallery-size-thumbnail gallery1'><script type=\"text\/javascript\">\r\n\/\/ <![CDATA[\r\n\tjQuery(document).ready(function () {\r\n\t\tjQuery(\".gallery1 a\").attr(\"rel\",\"gallery1\");\t\r\n\t\tjQuery('a[rel=\"gallery1\"]').colorbox({maxWidth:\"95%\", maxHeight:\"95%\",title: function(){ return jQuery(this).children().attr(\"alt\"); }, });\r\n\t});\r\n\/\/ ]]>\r\n<\/script>\n<dl class=\"gallery-item\">\n<dt class=\"gallery-icon\">\r\n<a href=\"https:\/\/hundepersoenlichkeiten.de\/wp-content\/uploads\/2014\/01\/Ida_fertig_klein.jpg\" title=\"Ida isst Spaghetti, \u00d6l auf Leinwand\" rel=\"gallery1\"><img loading=\"lazy\" decoding=\"async\" src=\"https:\/\/hundepersoenlichkeiten.de\/wp-content\/uploads\/2014\/01\/Ida_fertig_klein-150x150.jpg\" width=\"150\" height=\"150\" alt=\"Ida isst Spaghetti, \u00d6l auf Leinwand\" \/><\/a>\r\n<\/dt><dd class=\"gallery-caption\" id=\"caption482\"><span class=\"imagecaption\">Ida isst Spaghetti, \u00d6l auf Leinwand<\/span><br \/>\n<\/dd><\/dl><dl class=\"gallery-item\">\n<dt class=\"gallery-icon\">\r\n<a href=\"https:\/\/hundepersoenlichkeiten.de\/wp-content\/uploads\/2014\/01\/Fingerhut_im_Glas.jpg\" title=\"Fingerhut, \u00d6l\" rel=\"gallery1\"><img loading=\"lazy\" decoding=\"async\" src=\"https:\/\/hundepersoenlichkeiten.de\/wp-content\/uploads\/2014\/01\/Fingerhut_im_Glas-150x150.jpg\" width=\"150\" height=\"150\" alt=\"Fingerhut, \u00d6l auf K\u00fcnstlerkarton, 20 x 20 cm\" \/><\/a>\r\n<\/dt><dd class=\"gallery-caption\" id=\"caption136\"><span class=\"imagecaption\">Fingerhut, \u00d6l<\/span><br \/>\n<\/dd><\/dl><dl class=\"gallery-item\">\n<dt class=\"gallery-icon\">\r\n<a href=\"https:\/\/hundepersoenlichkeiten.de\/wp-content\/uploads\/2014\/01\/K\u00fcrbisstillleben.jpg\" title=\"K\u00fcrbisstillleben, Acryl auf Leinwand\" rel=\"gallery1\"><img loading=\"lazy\" decoding=\"async\" src=\"https:\/\/hundepersoenlichkeiten.de\/wp-content\/uploads\/2014\/01\/K\u00fcrbisstillleben-150x150.jpg\" width=\"150\" height=\"150\" alt=\"Stillleben K\u00fcrbis\" \/><\/a>\r\n<\/dt><dd class=\"gallery-caption\" id=\"caption201\"><span class=\"imagecaption\">K\u00fcrbisstillleben, Acryl auf Leinwand<\/span><br \/>\n<\/dd><\/dl><br style=\"clear: both\" \/><dl class=\"gallery-item\">\n<dt class=\"gallery-icon\">\r\n<a href=\"https:\/\/hundepersoenlichkeiten.de\/wp-content\/uploads\/2014\/01\/Milchm\u00e4dchen.jpg\" title=\"Milchm\u00e4dchen, \u00d6l auf K\u00fcnstlerkarton\" rel=\"gallery1\"><img loading=\"lazy\" decoding=\"async\" src=\"https:\/\/hundepersoenlichkeiten.de\/wp-content\/uploads\/2014\/01\/Milchm\u00e4dchen-150x150.jpg\" width=\"150\" height=\"150\" alt=\"Portrait M\u00e4dchen\" \/><\/a>\r\n<\/dt><dd class=\"gallery-caption\" id=\"caption203\"><span class=\"imagecaption\">Milchm\u00e4dchen, \u00d6l auf K\u00fcnstlerkarton<\/span><br \/>\n<\/dd><\/dl>\r\n\t\t\t<br style='clear: both' \/>\r\n\t\t<\/div>\n\n","protected":false},"excerpt":{"rendered":"<p>Kleine und gr\u00f6\u00dfere Finger\u00fcbungen zu anderen Themen. <a class=\"continue-reading-link\" href=\"https:\/\/hundepersoenlichkeiten.de\/?page_id=117\">Continue reading<\/a><\/p>\n","protected":false},"author":1,"featured_media":0,"parent":0,"menu_order":0,"comment_status":"open","ping_status":"open","template":"","meta":{"footnotes":""},"class_list":["post-117","page","type-page","status-publish","hentry"],"_links":{"self":[{"href":"https:\/\/hundepersoenlichkeiten.de\/index.php?rest_route=\/wp\/v2\/pages\/117","targetHints":{"allow":["GET"]}}],"collection":[{"href":"https:\/\/hundepersoenlichkeiten.de\/index.php?rest_route=\/wp\/v2\/pages"}],"about":[{"href":"https:\/\/hundepersoenlichkeiten.de\/index.php?rest_route=\/wp\/v2\/types\/page"}],"author":[{"embeddable":true,"href":"https:\/\/hundepersoenlichkeiten.de\/index.php?rest_route=\/wp\/v2\/users\/1"}],"replies":[{"embeddable":true,"href":"https:\/\/hundepersoenlichkeiten.de\/index.php?rest_route=%2Fwp%2Fv2%2Fcomments&post=117"}],"version-history":[{"count":8,"href":"https:\/\/hundepersoenlichkeiten.de\/index.php?rest_route=\/wp\/v2\/pages\/117\/revisions"}],"predecessor-version":[{"id":483,"href":"https:\/\/hundepersoenlichkeiten.de\/index.php?rest_route=\/wp\/v2\/pages\/117\/revisions\/483"}],"wp:attachment":[{"href":"https:\/\/hundepersoenlichkeiten.de\/index.php?rest_route=%2Fwp%2Fv2%2Fmedia&parent=117"}],"curies":[{"name":"wp","href":"https:\/\/api.w.org\/{rel}","templated":true}]}}