{"id":111,"date":"2014-01-16T19:39:31","date_gmt":"2014-01-16T19:39:31","guid":{"rendered":"http:\/\/hundepersoenlichkeiten.de\/?page_id=111"},"modified":"2014-07-21T10:50:17","modified_gmt":"2014-07-21T10:50:17","slug":"katzen","status":"publish","type":"page","link":"https:\/\/hundepersoenlichkeiten.de\/?page_id=111","title":{"rendered":"Katzen"},"content":{"rendered":"<p>Die Seite f\u00fcr die Stubentiger.\u00a0Langhaarig, kurzhaarig, getigert &#8211; Gl\u00fcckskatzen oder Kuhkatzen. Die einzigen Haustiere, die eigenes Personal haben \u2013 sagt man.<\/p>\n<p>Vielleicht hat ja auch Ihr Tiger ein Portrait verdient?<\/p>\n<p>Informationen zum Auftragsablauf und zu den Preisen finden Sie unter\u00a0<a title=\"Auftrag \/ Preise\" href=\"https:\/\/hundepersoenlichkeiten.de\/?page_id=105\">Auftrag\/Preise<\/a>.<\/p>\n\r\n\t\t\r\n\t\t<!-- see gallery_shortcode() in wp-includes\/media.php -->\n\t\t<div id='gallery-1' class='gallery galleryid-111 gallery-columns-3 gallery-size-thumbnail gallery1'><script type=\"text\/javascript\">\r\n\/\/ <![CDATA[\r\n\tjQuery(document).ready(function () {\r\n\t\tjQuery(\".gallery1 a\").attr(\"rel\",\"gallery1\");\t\r\n\t\tjQuery('a[rel=\"gallery1\"]').colorbox({maxWidth:\"95%\", maxHeight:\"95%\",title: function(){ return jQuery(this).children().attr(\"alt\"); }, });\r\n\t});\r\n\/\/ ]]>\r\n<\/script>\n<dl class=\"gallery-item\">\n<dt class=\"gallery-icon\">\r\n<a href=\"https:\/\/hundepersoenlichkeiten.de\/wp-content\/uploads\/2014\/01\/London.jpg\" title=\"London, \u00d6l auf K\u00fcnstlerkarton\" rel=\"gallery1\"><img loading=\"lazy\" decoding=\"async\" src=\"https:\/\/hundepersoenlichkeiten.de\/wp-content\/uploads\/2014\/01\/London-150x150.jpg\" width=\"150\" height=\"150\" alt=\"Katzenportrait\" \/><\/a>\r\n<\/dt><dd class=\"gallery-caption\" id=\"caption143\"><span class=\"imagecaption\">London, \u00d6l auf K\u00fcnstlerkarton<\/span><br \/>\n<\/dd><\/dl><dl class=\"gallery-item\">\n<dt class=\"gallery-icon\">\r\n<a href=\"https:\/\/hundepersoenlichkeiten.de\/wp-content\/uploads\/2014\/01\/Sally1.jpg\" title=\"Sally, \u00d6l auf K\u00fcnstlerkarton\" rel=\"gallery1\"><img loading=\"lazy\" decoding=\"async\" src=\"https:\/\/hundepersoenlichkeiten.de\/wp-content\/uploads\/2014\/01\/Sally1-150x150.jpg\" width=\"150\" height=\"150\" alt=\"Katzenportrait\" \/><\/a>\r\n<\/dt><dd class=\"gallery-caption\" id=\"caption145\"><span class=\"imagecaption\">Sally, \u00d6l auf K\u00fcnstlerkarton<\/span><br \/>\n<\/dd><\/dl><dl class=\"gallery-item\">\n<dt class=\"gallery-icon\">\r\n<a href=\"https:\/\/hundepersoenlichkeiten.de\/wp-content\/uploads\/2014\/01\/Minka.jpg\" title=\"Minka, \u00d6l auf K\u00fcnstlerkarton\" rel=\"gallery1\"><img loading=\"lazy\" decoding=\"async\" src=\"https:\/\/hundepersoenlichkeiten.de\/wp-content\/uploads\/2014\/01\/Minka-150x150.jpg\" width=\"150\" height=\"150\" alt=\"Katzenportrait\" \/><\/a>\r\n<\/dt><dd class=\"gallery-caption\" id=\"caption150\"><span class=\"imagecaption\">Minka, \u00d6l auf K\u00fcnstlerkarton<\/span><br \/>\n<\/dd><\/dl><br style=\"clear: both\" \/><dl class=\"gallery-item\">\n<dt class=\"gallery-icon\">\r\n<a href=\"https:\/\/hundepersoenlichkeiten.de\/wp-content\/uploads\/2014\/01\/Junior.jpg\" title=\"Junior, \u00d6l auf K\u00fcnstlerkarton\" rel=\"gallery1\"><img loading=\"lazy\" decoding=\"async\" src=\"https:\/\/hundepersoenlichkeiten.de\/wp-content\/uploads\/2014\/01\/Junior-150x150.jpg\" width=\"150\" height=\"150\" alt=\"Katzenportrait\" \/><\/a>\r\n<\/dt><dd class=\"gallery-caption\" id=\"caption144\"><span class=\"imagecaption\">Junior, \u00d6l auf K\u00fcnstlerkarton<\/span><br \/>\n<\/dd><\/dl><dl class=\"gallery-item\">\n<dt class=\"gallery-icon\">\r\n<a href=\"https:\/\/hundepersoenlichkeiten.de\/wp-content\/uploads\/2014\/01\/Micky.jpg\" title=\"Micky, \u00d6l auf K\u00fcnstlerkarton\" rel=\"gallery1\"><img loading=\"lazy\" decoding=\"async\" src=\"https:\/\/hundepersoenlichkeiten.de\/wp-content\/uploads\/2014\/01\/Micky-150x150.jpg\" width=\"150\" height=\"150\" alt=\"Katzenportrait\" \/><\/a>\r\n<\/dt><dd class=\"gallery-caption\" id=\"caption152\"><span class=\"imagecaption\">Micky, \u00d6l auf K\u00fcnstlerkarton<\/span><br \/>\n<\/dd><\/dl><dl class=\"gallery-item\">\n<dt class=\"gallery-icon\">\r\n<a href=\"https:\/\/hundepersoenlichkeiten.de\/wp-content\/uploads\/2014\/01\/M\u00fccke_Kopf.jpg\" title=\"M\u00fccke, \u00d6l auf K\u00fcnstlerkarton\" rel=\"gallery1\"><img loading=\"lazy\" decoding=\"async\" src=\"https:\/\/hundepersoenlichkeiten.de\/wp-content\/uploads\/2014\/01\/M\u00fccke_Kopf-150x150.jpg\" width=\"150\" height=\"150\" alt=\"M\u00fccke, \u00d6l auf K\u00fcnstlerkarton\" \/><\/a>\r\n<\/dt><dd class=\"gallery-caption\" id=\"caption247\"><span class=\"imagecaption\">M\u00fccke, \u00d6l auf K\u00fcnstlerkarton<\/span><br \/>\n<\/dd><\/dl><br style=\"clear: both\" \/>\r\n\t\t<\/div>\n\n<p>&nbsp;<\/p>\n<p>&nbsp;<\/p>\n","protected":false},"excerpt":{"rendered":"<p>Die Seite f\u00fcr die Stubentiger.\u00a0Langhaarig, kurzhaarig, getigert &#8211; Gl\u00fcckskatzen oder Kuhkatzen. Die einzigen Haustiere, die eigenes Personal haben \u2013 sagt man. Vielleicht hat ja auch Ihr Tiger ein Portrait verdient? Informationen zum Auftragsablauf und zu den Preisen finden Sie unter\u00a0Auftrag\/Preise. &nbsp; &nbsp; <a class=\"continue-reading-link\" href=\"https:\/\/hundepersoenlichkeiten.de\/?page_id=111\">Continue reading<\/a><\/p>\n","protected":false},"author":1,"featured_media":0,"parent":0,"menu_order":0,"comment_status":"open","ping_status":"open","template":"","meta":{"footnotes":""},"class_list":["post-111","page","type-page","status-publish","hentry"],"_links":{"self":[{"href":"https:\/\/hundepersoenlichkeiten.de\/index.php?rest_route=\/wp\/v2\/pages\/111","targetHints":{"allow":["GET"]}}],"collection":[{"href":"https:\/\/hundepersoenlichkeiten.de\/index.php?rest_route=\/wp\/v2\/pages"}],"about":[{"href":"https:\/\/hundepersoenlichkeiten.de\/index.php?rest_route=\/wp\/v2\/types\/page"}],"author":[{"embeddable":true,"href":"https:\/\/hundepersoenlichkeiten.de\/index.php?rest_route=\/wp\/v2\/users\/1"}],"replies":[{"embeddable":true,"href":"https:\/\/hundepersoenlichkeiten.de\/index.php?rest_route=%2Fwp%2Fv2%2Fcomments&post=111"}],"version-history":[{"count":11,"href":"https:\/\/hundepersoenlichkeiten.de\/index.php?rest_route=\/wp\/v2\/pages\/111\/revisions"}],"predecessor-version":[{"id":248,"href":"https:\/\/hundepersoenlichkeiten.de\/index.php?rest_route=\/wp\/v2\/pages\/111\/revisions\/248"}],"wp:attachment":[{"href":"https:\/\/hundepersoenlichkeiten.de\/index.php?rest_route=%2Fwp%2Fv2%2Fmedia&parent=111"}],"curies":[{"name":"wp","href":"https:\/\/api.w.org\/{rel}","templated":true}]}}