{"id":108,"date":"2014-01-16T19:38:32","date_gmt":"2014-01-16T19:38:32","guid":{"rendered":"http:\/\/hundepersoenlichkeiten.de\/?page_id=108"},"modified":"2016-09-01T12:28:23","modified_gmt":"2016-09-01T12:28:23","slug":"hunde","status":"publish","type":"page","link":"https:\/\/hundepersoenlichkeiten.de\/?page_id=108","title":{"rendered":"Hunde"},"content":{"rendered":"<p><b>Hunde! Wenn es sie nicht g\u00e4be, man m\u00fcsste sie erfinden. \u00a0<\/b><i>Martin Pietralla<\/p>\n<p><\/i>Sie kennen uns besser, als wir uns selbst. Sie k\u00f6nnen sogar in unseren Gesichtern lesen. Kein anderes Tier steht dem Menschen so nahe. Dabei hat jeder Hund seine Eigenheiten, seine besondere Mimik, seine Gewohnheiten. Keiner gleicht dem anderen. Wer je mit Hund gelebt hat wei\u00df, dass diese Einzigartigkeit nicht nur in der Optik sondern vor allem im Wesen liegt.<\/p>\n<p>Das im Bild festzuhalten ist mein Anliegen. Und aus diesem Grund kann das Malen von Hunden auch niemals langweilig werden.<\/p>\n<p>Portraits k\u00f6nnen als Kopfportraits oder Ganzk\u00f6rperportraits ausgef\u00fchrt werden.<\/p>\n<p>Auch mehrere Hunde auf einem Bild sind m\u00f6glich. Dann sollte das Format allerdings nicht zu klein sein, damit Details m\u00f6glich sind. Auch die Kombination von Kopfportrait und Bewegungsstudie in einem Bild ergibt einen sch\u00f6nen Gesamteindruck des Hundes oder einer Hundegruppe.<\/p>\n<p>Informationen zum Auftragsablauf und zu den Preisen finden Sie unter dem betreffenden Men\u00fcpunkt.<\/p>\n<p>Schauen Sie sich auch meine<strong>\u00a0<a title=\"Zeichnungen\" href=\"https:\/\/hundepersoenlichkeiten.de\/?page_id=220\">Zeichnungen<\/a><\/strong>\u00a0an!<\/p>\n\r\n\t\t\r\n\t\t<!-- see gallery_shortcode() in wp-includes\/media.php -->\n\t\t<div id='gallery-1' class='gallery galleryid-108 gallery-columns-5 gallery-size-thumbnail gallery1'><script type=\"text\/javascript\">\r\n\/\/ <![CDATA[\r\n\tjQuery(document).ready(function () {\r\n\t\tjQuery(\".gallery1 a\").attr(\"rel\",\"gallery1\");\t\r\n\t\tjQuery('a[rel=\"gallery1\"]').colorbox({maxWidth:\"95%\", maxHeight:\"95%\",title: function(){ return jQuery(this).children().attr(\"alt\"); }, });\r\n\t});\r\n\/\/ ]]>\r\n<\/script>\n<dl class=\"gallery-item\">\n<dt class=\"gallery-icon\">\r\n<a href=\"https:\/\/hundepersoenlichkeiten.de\/wp-content\/uploads\/2014\/01\/Emma_Internet.jpg\" title=\"Emma, Kopfportrait, \u00d6l auf K\u00fcnstlerkarton\" rel=\"gallery1\"><img loading=\"lazy\" decoding=\"async\" src=\"https:\/\/hundepersoenlichkeiten.de\/wp-content\/uploads\/2014\/01\/Emma_Internet-150x150.jpg\" width=\"150\" height=\"150\" alt=\"Emma, Kopfportrait, \u00d6l auf K\u00fcnstlerkarton\" \/><\/a>\r\n<\/dt><dd class=\"gallery-caption\" id=\"caption509\"><span class=\"imagecaption\">Emma, Kopfportrait, \u00d6l auf K\u00fcnstlerkarton<\/span><br \/>\n<\/dd><\/dl><dl class=\"gallery-item\">\n<dt class=\"gallery-icon\">\r\n<a href=\"https:\/\/hundepersoenlichkeiten.de\/wp-content\/uploads\/2014\/01\/Inouche_fertig_klein.jpg\" title=\"Inouche, \u00d6l auf K\u00fcnstlerkarton\" rel=\"gallery1\"><img loading=\"lazy\" decoding=\"async\" src=\"https:\/\/hundepersoenlichkeiten.de\/wp-content\/uploads\/2014\/01\/Inouche_fertig_klein-150x150.jpg\" width=\"150\" height=\"150\" alt=\"Inouche, \u00d6l auf K\u00fcnstlerkarton\" \/><\/a>\r\n<\/dt><dd class=\"gallery-caption\" id=\"caption476\"><span class=\"imagecaption\">Inouche, \u00d6l auf K\u00fcnstlerkarton<\/span><br \/>\n<\/dd><\/dl><dl class=\"gallery-item\">\n<dt class=\"gallery-icon\">\r\n<a href=\"https:\/\/hundepersoenlichkeiten.de\/wp-content\/uploads\/2014\/01\/Emma_fertig_klein.jpg\" title=\"Emma, \u00d6l auf K\u00fcnstlerkarton\" rel=\"gallery1\"><img loading=\"lazy\" decoding=\"async\" src=\"https:\/\/hundepersoenlichkeiten.de\/wp-content\/uploads\/2014\/01\/Emma_fertig_klein-150x150.jpg\" width=\"150\" height=\"150\" alt=\"Emma, \u00d6l auf K\u00fcnstlerkarton\" \/><\/a>\r\n<\/dt><dd class=\"gallery-caption\" id=\"caption408\"><span class=\"imagecaption\">Emma, \u00d6l auf K\u00fcnstlerkarton<\/span><br \/>\n<\/dd><\/dl><dl class=\"gallery-item\">\n<dt class=\"gallery-icon\">\r\n<a href=\"https:\/\/hundepersoenlichkeiten.de\/wp-content\/uploads\/2014\/01\/Amboss.jpg\" title=\"Amboss, \u00d6l auf K\u00fcnstlerkarton\" rel=\"gallery1\"><img loading=\"lazy\" decoding=\"async\" src=\"https:\/\/hundepersoenlichkeiten.de\/wp-content\/uploads\/2014\/01\/Amboss-150x150.jpg\" width=\"150\" height=\"150\" alt=\"Amboss, \u00d6l auf K\u00fcnstlerkarton\" \/><\/a>\r\n<\/dt><dd class=\"gallery-caption\" id=\"caption252\"><span class=\"imagecaption\">Amboss, \u00d6l auf K\u00fcnstlerkarton<\/span><br \/>\n<\/dd><\/dl><dl class=\"gallery-item\">\n<dt class=\"gallery-icon\">\r\n<a href=\"https:\/\/hundepersoenlichkeiten.de\/wp-content\/uploads\/2014\/01\/Whisp-Kr\u00fcmel-Irina.jpg\" title=\"3 Freunde, Doppelbild, gesamt 160 x 60 cm\" rel=\"gallery1\"><img loading=\"lazy\" decoding=\"async\" src=\"https:\/\/hundepersoenlichkeiten.de\/wp-content\/uploads\/2014\/01\/Whisp-Kr\u00fcmel-Irina-150x150.jpg\" width=\"150\" height=\"150\" alt=\"3 Freunde, Doppelbild, gesamt 160 x 60 cm\" \/><\/a>\r\n<\/dt><dd class=\"gallery-caption\" id=\"caption156\"><span class=\"imagecaption\">3 Freunde, Doppelbild, gesamt 160 x 60 cm<\/span><br \/>\n<\/dd><\/dl><br style=\"clear: both\" \/><dl class=\"gallery-item\">\n<dt class=\"gallery-icon\">\r\n<a href=\"https:\/\/hundepersoenlichkeiten.de\/wp-content\/uploads\/2014\/01\/Nala-Kiara.jpg\" title=\"Nala und Kiara, \u00d6l auf K\u00fcnstlerkarton\" rel=\"gallery1\"><img loading=\"lazy\" decoding=\"async\" src=\"https:\/\/hundepersoenlichkeiten.de\/wp-content\/uploads\/2014\/01\/Nala-Kiara-150x150.jpg\" width=\"150\" height=\"150\" alt=\"Nala und Kiara, \u00d6l auf K\u00fcnstlerkarton\" \/><\/a>\r\n<\/dt><dd class=\"gallery-caption\" id=\"caption199\"><span class=\"imagecaption\">Nala und Kiara, \u00d6l auf K\u00fcnstlerkarton<\/span><br \/>\n<\/dd><\/dl><dl class=\"gallery-item\">\n<dt class=\"gallery-icon\">\r\n<a href=\"https:\/\/hundepersoenlichkeiten.de\/wp-content\/uploads\/2014\/01\/Antares.jpg\" title=\"Antares, \u00d6l auf K\u00fcnstlerkarton\" rel=\"gallery1\"><img loading=\"lazy\" decoding=\"async\" src=\"https:\/\/hundepersoenlichkeiten.de\/wp-content\/uploads\/2014\/01\/Antares-150x150.jpg\" width=\"150\" height=\"150\" alt=\"Antares, \u00d6l auf K\u00fcnstlerkarton\" \/><\/a>\r\n<\/dt><dd class=\"gallery-caption\" id=\"caption159\"><span class=\"imagecaption\">Antares, \u00d6l auf K\u00fcnstlerkarton<\/span><br \/>\n<\/dd><\/dl><dl class=\"gallery-item\">\n<dt class=\"gallery-icon\">\r\n<a href=\"https:\/\/hundepersoenlichkeiten.de\/wp-content\/uploads\/2014\/01\/Pepe.jpg\" title=\"Pepe, \u00d6l auf K\u00fcnstlerkarton\" rel=\"gallery1\"><img loading=\"lazy\" decoding=\"async\" src=\"https:\/\/hundepersoenlichkeiten.de\/wp-content\/uploads\/2014\/01\/Pepe-150x150.jpg\" width=\"150\" height=\"150\" alt=\"Pepe, \u00d6l auf K\u00fcnstlerkarton\" \/><\/a>\r\n<\/dt><dd class=\"gallery-caption\" id=\"caption255\"><span class=\"imagecaption\">Pepe, \u00d6l auf K\u00fcnstlerkarton<\/span><br \/>\n<\/dd><\/dl><dl class=\"gallery-item\">\n<dt class=\"gallery-icon\">\r\n<a href=\"https:\/\/hundepersoenlichkeiten.de\/wp-content\/uploads\/2014\/01\/Meilo_1-Kopie.jpg\" title=\"Meilo,\u00d6l auf K\u00fcnstlerkarton\" rel=\"gallery1\"><img loading=\"lazy\" decoding=\"async\" src=\"https:\/\/hundepersoenlichkeiten.de\/wp-content\/uploads\/2014\/01\/Meilo_1-Kopie-150x150.jpg\" width=\"150\" height=\"150\" alt=\"Meilo,\u00d6l auf K\u00fcnstlerkarton\" \/><\/a>\r\n<\/dt><dd class=\"gallery-caption\" id=\"caption390\"><span class=\"imagecaption\">Meilo,\u00d6l auf K\u00fcnstlerkarton<\/span><br \/>\n<\/dd><\/dl><dl class=\"gallery-item\">\n<dt class=\"gallery-icon\">\r\n<a href=\"https:\/\/hundepersoenlichkeiten.de\/wp-content\/uploads\/2014\/01\/Caramel.jpg\" title=\"Caramel, \u00d6l auf K\u00fcnstlerkarton\" rel=\"gallery1\"><img loading=\"lazy\" decoding=\"async\" src=\"https:\/\/hundepersoenlichkeiten.de\/wp-content\/uploads\/2014\/01\/Caramel-150x150.jpg\" width=\"150\" height=\"150\" alt=\"Hundeportrait Kopfportrait\" \/><\/a>\r\n<\/dt><dd class=\"gallery-caption\" id=\"caption161\"><span class=\"imagecaption\">Caramel, \u00d6l auf K\u00fcnstlerkarton<\/span><br \/>\n<\/dd><\/dl><br style=\"clear: both\" \/><dl class=\"gallery-item\">\n<dt class=\"gallery-icon\">\r\n<a href=\"https:\/\/hundepersoenlichkeiten.de\/wp-content\/uploads\/2014\/01\/Matisse-Nala.jpg\" title=\"Matisse und Nala, \u00d6l auf K\u00fcnstlerkarton\" rel=\"gallery1\"><img loading=\"lazy\" decoding=\"async\" src=\"https:\/\/hundepersoenlichkeiten.de\/wp-content\/uploads\/2014\/01\/Matisse-Nala-150x150.jpg\" width=\"150\" height=\"150\" alt=\"Hundeportrait Doppelportrait\" \/><\/a>\r\n<\/dt><dd class=\"gallery-caption\" id=\"caption163\"><span class=\"imagecaption\">Matisse und Nala, \u00d6l auf K\u00fcnstlerkarton<\/span><br \/>\n<\/dd><\/dl><dl class=\"gallery-item\">\n<dt class=\"gallery-icon\">\r\n<a href=\"https:\/\/hundepersoenlichkeiten.de\/wp-content\/uploads\/2014\/01\/Ronja.jpg\" title=\"Ronja, \u00d6l auf K\u00fcnstlerkarton\" rel=\"gallery1\"><img loading=\"lazy\" decoding=\"async\" src=\"https:\/\/hundepersoenlichkeiten.de\/wp-content\/uploads\/2014\/01\/Ronja-150x150.jpg\" width=\"150\" height=\"150\" alt=\"Hundeportrait Kopfportrait\" \/><\/a>\r\n<\/dt><dd class=\"gallery-caption\" id=\"caption165\"><span class=\"imagecaption\">Ronja, \u00d6l auf K\u00fcnstlerkarton<\/span><br \/>\n<\/dd><\/dl><dl class=\"gallery-item\">\n<dt class=\"gallery-icon\">\r\n<a href=\"https:\/\/hundepersoenlichkeiten.de\/wp-content\/uploads\/2014\/01\/Joya-Leany.jpg\" title=\"Joya und Leany, \u00d6l auf K\u00fcnstlerkarton\" rel=\"gallery1\"><img loading=\"lazy\" decoding=\"async\" src=\"https:\/\/hundepersoenlichkeiten.de\/wp-content\/uploads\/2014\/01\/Joya-Leany-150x150.jpg\" width=\"150\" height=\"150\" alt=\"Hundeportrait\" \/><\/a>\r\n<\/dt><dd class=\"gallery-caption\" id=\"caption181\"><span class=\"imagecaption\">Joya und Leany, \u00d6l auf K\u00fcnstlerkarton<\/span><br \/>\n<\/dd><\/dl><dl class=\"gallery-item\">\n<dt class=\"gallery-icon\">\r\n<a href=\"https:\/\/hundepersoenlichkeiten.de\/wp-content\/uploads\/2014\/01\/Sonja.jpg\" title=\"Sonja, \u00d6l auf K\u00fcnstlerkarton\" rel=\"gallery1\"><img loading=\"lazy\" decoding=\"async\" src=\"https:\/\/hundepersoenlichkeiten.de\/wp-content\/uploads\/2014\/01\/Sonja-150x150.jpg\" width=\"150\" height=\"150\" alt=\"Hundeportrait Ganzk\u00f6rperportrait\" \/><\/a>\r\n<\/dt><dd class=\"gallery-caption\" id=\"caption186\"><span class=\"imagecaption\">Sonja, \u00d6l auf K\u00fcnstlerkarton<\/span><br \/>\n<\/dd><\/dl><dl class=\"gallery-item\">\n<dt class=\"gallery-icon\">\r\n<a href=\"https:\/\/hundepersoenlichkeiten.de\/wp-content\/uploads\/2014\/01\/Lenny-Fino.jpg\" title=\"Lenny und Fino, \u00d6l auf K\u00fcnstlerkarton\" rel=\"gallery1\"><img loading=\"lazy\" decoding=\"async\" src=\"https:\/\/hundepersoenlichkeiten.de\/wp-content\/uploads\/2014\/01\/Lenny-Fino-150x150.jpg\" width=\"150\" height=\"150\" alt=\"Hundeportrait Doppelportrait\" \/><\/a>\r\n<\/dt><dd class=\"gallery-caption\" id=\"caption183\"><span class=\"imagecaption\">Lenny und Fino, \u00d6l auf K\u00fcnstlerkarton<\/span><br \/>\n<\/dd><\/dl><br style=\"clear: both\" \/><dl class=\"gallery-item\">\n<dt class=\"gallery-icon\">\r\n<a href=\"https:\/\/hundepersoenlichkeiten.de\/wp-content\/uploads\/2014\/01\/Nanook-whole.jpg\" title=\"Nanook, \u00d6l auf K\u00fcnstlerkarton\" rel=\"gallery1\"><img loading=\"lazy\" decoding=\"async\" src=\"https:\/\/hundepersoenlichkeiten.de\/wp-content\/uploads\/2014\/01\/Nanook-whole-150x150.jpg\" width=\"150\" height=\"150\" alt=\"Hundeportrait Ganzk\u00f6rperportrait\" \/><\/a>\r\n<\/dt><dd class=\"gallery-caption\" id=\"caption188\"><span class=\"imagecaption\">Nanook, \u00d6l auf K\u00fcnstlerkarton<\/span><br \/>\n<\/dd><\/dl><dl class=\"gallery-item\">\n<dt class=\"gallery-icon\">\r\n<a href=\"https:\/\/hundepersoenlichkeiten.de\/wp-content\/uploads\/2014\/01\/Maya-Truffel.jpg\" title=\"Maya und Tr\u00fcffel,\n\u00d6l auf K\u00fcnstlerkarton\" rel=\"gallery1\"><img loading=\"lazy\" decoding=\"async\" src=\"https:\/\/hundepersoenlichkeiten.de\/wp-content\/uploads\/2014\/01\/Maya-Truffel-150x150.jpg\" width=\"150\" height=\"150\" alt=\"Hundeportrait Kopfportrait\" \/><\/a>\r\n<\/dt><dd class=\"gallery-caption\" id=\"caption190\"><span class=\"imagecaption\">Maya und Tr\u00fcffel,\n\u00d6l auf K\u00fcnstlerkarton<\/span><br \/>\n<\/dd><\/dl><dl class=\"gallery-item\">\n<dt class=\"gallery-icon\">\r\n<a href=\"https:\/\/hundepersoenlichkeiten.de\/wp-content\/uploads\/2014\/01\/Joesi.jpg\" title=\"Joesi, \u00d6l auf K\u00fcnstlerkarton\" rel=\"gallery1\"><img loading=\"lazy\" decoding=\"async\" src=\"https:\/\/hundepersoenlichkeiten.de\/wp-content\/uploads\/2014\/01\/Joesi-150x150.jpg\" width=\"150\" height=\"150\" alt=\"Hundeportrait Kopfportrait\" \/><\/a>\r\n<\/dt><dd class=\"gallery-caption\" id=\"caption192\"><span class=\"imagecaption\">Joesi, \u00d6l auf K\u00fcnstlerkarton<\/span><br \/>\n<\/dd><\/dl><dl class=\"gallery-item\">\n<dt class=\"gallery-icon\">\r\n<a href=\"https:\/\/hundepersoenlichkeiten.de\/wp-content\/uploads\/2014\/01\/Nick.jpg\" title=\"Nick, \u00d6l auf K\u00fcnstlerkarton\" rel=\"gallery1\"><img loading=\"lazy\" decoding=\"async\" src=\"https:\/\/hundepersoenlichkeiten.de\/wp-content\/uploads\/2014\/01\/Nick-150x150.jpg\" width=\"150\" height=\"150\" alt=\"Hundeportrait Bewegungsstudie\" \/><\/a>\r\n<\/dt><dd class=\"gallery-caption\" id=\"caption194\"><span class=\"imagecaption\">Nick, \u00d6l auf K\u00fcnstlerkarton<\/span><br \/>\n<\/dd><\/dl><dl class=\"gallery-item\">\n<dt class=\"gallery-icon\">\r\n<a href=\"https:\/\/hundepersoenlichkeiten.de\/wp-content\/uploads\/2014\/01\/Partner.jpg\" title=\"\u00d6l auf K\u00fcnstlerkarton\" rel=\"gallery1\"><img loading=\"lazy\" decoding=\"async\" src=\"https:\/\/hundepersoenlichkeiten.de\/wp-content\/uploads\/2014\/01\/Partner-150x150.jpg\" width=\"150\" height=\"150\" alt=\"Hund und Herrchen Hundeportrait\" \/><\/a>\r\n<\/dt><dd class=\"gallery-caption\" id=\"caption195\"><span class=\"imagecaption\">\u00d6l auf K\u00fcnstlerkarton<\/span><br \/>\n<\/dd><\/dl><br style=\"clear: both\" \/><dl class=\"gallery-item\">\n<dt class=\"gallery-icon\">\r\n<a href=\"https:\/\/hundepersoenlichkeiten.de\/wp-content\/uploads\/2014\/01\/Lilly.jpg\" title=\"Lilly, \u00d6l auf K\u00fcnstlerkarton\" rel=\"gallery1\"><img loading=\"lazy\" decoding=\"async\" src=\"https:\/\/hundepersoenlichkeiten.de\/wp-content\/uploads\/2014\/01\/Lilly-150x150.jpg\" width=\"150\" height=\"150\" alt=\"Hundeportrait Ganzk\u00f6rperportrait\" \/><\/a>\r\n<\/dt><dd class=\"gallery-caption\" id=\"caption197\"><span class=\"imagecaption\">Lilly, \u00d6l auf K\u00fcnstlerkarton<\/span><br \/>\n<\/dd><\/dl>\r\n\t\t\t<br style='clear: both' \/>\r\n\t\t<\/div>\n\n<p>&nbsp;<\/p>\n<p>&nbsp;<\/p>\n<p>&nbsp;<\/p>\n<p>&nbsp;<\/p>\n<p>&nbsp;<\/p>\n<p>&nbsp;<\/p>\n<p>&nbsp;<\/p>\n<p>&nbsp;<\/p>\n<p>&nbsp;<\/p>\n<p>&nbsp;<\/p>\n<p>&nbsp;<\/p>\n<p>&nbsp;<\/p>\n<p>&nbsp;<\/p>\n<p>&nbsp;<\/p>\n<p>&nbsp;<\/p>\n<p>&nbsp;<\/p>\n<p>&nbsp;<\/p>\n<p>&nbsp;<\/p>\n","protected":false},"excerpt":{"rendered":"<p>Hunde! Wenn es sie nicht g\u00e4be, man m\u00fcsste sie erfinden. \u00a0Martin Pietralla Sie kennen uns besser, als wir uns selbst. Sie k\u00f6nnen sogar in unseren Gesichtern lesen. Kein anderes Tier steht dem Menschen so nahe. Dabei hat jeder Hund seine Eigenheiten, seine besondere Mimik, seine Gewohnheiten. Keiner gleicht dem anderen.\u2026 <a class=\"continue-reading-link\" href=\"https:\/\/hundepersoenlichkeiten.de\/?page_id=108\">Continue reading<\/a><\/p>\n","protected":false},"author":1,"featured_media":0,"parent":0,"menu_order":0,"comment_status":"open","ping_status":"open","template":"","meta":{"footnotes":""},"class_list":["post-108","page","type-page","status-publish","hentry"],"_links":{"self":[{"href":"https:\/\/hundepersoenlichkeiten.de\/index.php?rest_route=\/wp\/v2\/pages\/108","targetHints":{"allow":["GET"]}}],"collection":[{"href":"https:\/\/hundepersoenlichkeiten.de\/index.php?rest_route=\/wp\/v2\/pages"}],"about":[{"href":"https:\/\/hundepersoenlichkeiten.de\/index.php?rest_route=\/wp\/v2\/types\/page"}],"author":[{"embeddable":true,"href":"https:\/\/hundepersoenlichkeiten.de\/index.php?rest_route=\/wp\/v2\/users\/1"}],"replies":[{"embeddable":true,"href":"https:\/\/hundepersoenlichkeiten.de\/index.php?rest_route=%2Fwp%2Fv2%2Fcomments&post=108"}],"version-history":[{"count":33,"href":"https:\/\/hundepersoenlichkeiten.de\/index.php?rest_route=\/wp\/v2\/pages\/108\/revisions"}],"predecessor-version":[{"id":541,"href":"https:\/\/hundepersoenlichkeiten.de\/index.php?rest_route=\/wp\/v2\/pages\/108\/revisions\/541"}],"wp:attachment":[{"href":"https:\/\/hundepersoenlichkeiten.de\/index.php?rest_route=%2Fwp%2Fv2%2Fmedia&parent=108"}],"curies":[{"name":"wp","href":"https:\/\/api.w.org\/{rel}","templated":true}]}}