{"id":105,"date":"2014-01-16T19:37:39","date_gmt":"2014-01-16T19:37:39","guid":{"rendered":"http:\/\/hundepersoenlichkeiten.de\/?page_id=105"},"modified":"2019-05-22T12:29:11","modified_gmt":"2019-05-22T12:29:11","slug":"auftrag-preise","status":"publish","type":"page","link":"https:\/\/hundepersoenlichkeiten.de\/?page_id=105","title":{"rendered":"Auftrag \/ Preise"},"content":{"rendered":"<p><strong>Einige Worte vorab<\/strong><\/p>\n<p>Auf meinen Bildern steht Ihr Haustier im Mittelpunkt.\u00a0Nur Ihr Haustier, als Portr\u00e4t oder Bewegungsstudie \u2013 oder eben beides.<\/p>\n<p>Dabei ist es mir besonders wichtig, dass Sie im fertigen Bild das Unverwechselbare Ihres Freundes wieder finden.<\/p>\n<p>Hintergr\u00fcnde male ich in der Regel einfarbig \/ neutral, um das Augenmerk v\u00f6llig auf das Tier zu konzentrieren.\u00a0Sollte ein anderer Hintergrund gew\u00fcnscht werden erh\u00f6ht sich &#8211; abh\u00e4ngig vom Aufwand &#8211; der Endpreis f\u00fcr das Bild.\u00a0Kleine Details wie Spielzeuge, Dummies, Apportel o. \u00e4. sind im Preis enthalten.<\/p>\n<p>Ich male auf Canvas Board (mit Leinwand bezogener K\u00fcnstlerkarton)\u00a0oder, auf Wunsch, auch gern auf Leinwand.<\/p>\n<p>Canvas Board hat den Vorteil, dass das Bild mit einem normalen Rahmen gerahmt werden kann. Dieser sollte bei \u00d6lbildern kein Glas enthalten.<\/p>\n<p>Ich verwende nur hochwertige K\u00fcnstler\u00f6lfarben!<\/p>\n<p><strong>Ablauf<\/strong><\/p>\n<p>Ich ben\u00f6tige<\/p>\n<p>\u2022 m\u00f6glichst gute digitale Fotos Ihres Tieres in ausreichender Aufl\u00f6sung\u00a0 und Gr\u00f6\u00dfe<br \/>\n(im Idealfall 300 dpi \/ mind. 18 x 13 cm)<\/p>\n<p>Je mehr Details erkennbar sind umso besser wird das Bild!<br \/>\noder<\/p>\n<p>\u2022 m\u00f6glichst gro\u00dfe Fotoabz\u00fcge<br \/>\n\u2022 Angaben zum gew\u00fcnschten Bild-Format<br \/>\n\u2022 Angabe der gew\u00fcnschten Hintergrundfarbe<\/p>\n<p><strong>1. \u00d6l-\/Acrylbilder, Preise f\u00fcr ein Tier, K\u00fcnstlerkarton oder Leinwand<br \/>\n<\/strong>20 x 20 cm oder darunter:\u00a0150.- EUR<br \/>\n40 x 30 cm oder 40 x 40 cm: 250.- EUR<br \/>\n50 x 60 cm oder 60 x 60 cm: 350.- EUR<br \/>\n80 x 60 cm (gr\u00f6\u00dftm\u00f6gliches Ma\u00df bei K\u00fcnstlerkarton): 450.- EUR<\/p>\n<p><strong style=\"font-weight: bold; color: #000000;\">2. Zeichnungen, Preise f\u00fcr ein Tier, naturfarbenes, glattes Zeichenpapier<br \/>\n<\/strong>21 x 29,7 cm (DIN A4): 35.- EUR<br \/>\n29,7 42 cm (DIN A3): 50.- EUR<br \/>\n45 x 55 cm: 75.- EUR<\/p>\n<p>Bei mehreren Tieren und\/oder mehreren Ansichten des gleichen Tieres (ab DIN A3)<br \/>\nerh\u00f6ht sich der Preis um jeweils 50%.<\/p>\n<p>Preise verstehen sich zzgl. Versand.<\/p>\n<p>Gr\u00f6\u00dfere oder spezielle Wunschformate auf Anfrage.<br \/>\nIch erstelle gerne ein f\u00fcr Sie unverbindliches Angebot.<\/p>\n<p>Ich behalte mir im Interesse eines sch\u00f6nen Ergebnisses vor, Fotos mit zu geringer Aufl\u00f6sung oder zu kleinem Format abzulehnen. Gerne berate ich Sie dazu, was f\u00fcr ein geeignetes Foto zu beachten ist.<\/p>\n<p>[contact-form-7 id=&#8220;323&#8243; title=&#8220;Kontaktformular 1&#8243;]<\/p>\n","protected":false},"excerpt":{"rendered":"<p>Einige Worte vorab Auf meinen Bildern steht Ihr Haustier im Mittelpunkt.\u00a0Nur Ihr Haustier, als Portr\u00e4t oder Bewegungsstudie \u2013 oder eben beides. Dabei ist es mir besonders wichtig, dass Sie im fertigen Bild das Unverwechselbare Ihres Freundes wieder finden. Hintergr\u00fcnde male ich in der Regel einfarbig \/ neutral, um das Augenmerk\u2026 <a class=\"continue-reading-link\" href=\"https:\/\/hundepersoenlichkeiten.de\/?page_id=105\">Continue reading<\/a><\/p>\n","protected":false},"author":1,"featured_media":0,"parent":0,"menu_order":0,"comment_status":"open","ping_status":"open","template":"","meta":{"footnotes":""},"class_list":["post-105","page","type-page","status-publish","hentry"],"_links":{"self":[{"href":"https:\/\/hundepersoenlichkeiten.de\/index.php?rest_route=\/wp\/v2\/pages\/105","targetHints":{"allow":["GET"]}}],"collection":[{"href":"https:\/\/hundepersoenlichkeiten.de\/index.php?rest_route=\/wp\/v2\/pages"}],"about":[{"href":"https:\/\/hundepersoenlichkeiten.de\/index.php?rest_route=\/wp\/v2\/types\/page"}],"author":[{"embeddable":true,"href":"https:\/\/hundepersoenlichkeiten.de\/index.php?rest_route=\/wp\/v2\/users\/1"}],"replies":[{"embeddable":true,"href":"https:\/\/hundepersoenlichkeiten.de\/index.php?rest_route=%2Fwp%2Fv2%2Fcomments&post=105"}],"version-history":[{"count":12,"href":"https:\/\/hundepersoenlichkeiten.de\/index.php?rest_route=\/wp\/v2\/pages\/105\/revisions"}],"predecessor-version":[{"id":566,"href":"https:\/\/hundepersoenlichkeiten.de\/index.php?rest_route=\/wp\/v2\/pages\/105\/revisions\/566"}],"wp:attachment":[{"href":"https:\/\/hundepersoenlichkeiten.de\/index.php?rest_route=%2Fwp%2Fv2%2Fmedia&parent=105"}],"curies":[{"name":"wp","href":"https:\/\/api.w.org\/{rel}","templated":true}]}}